{"id":114,"date":"2019-02-12T14:16:18","date_gmt":"2019-02-12T14:16:18","guid":{"rendered":"http:\/\/spielhalle-iplay.de\/?page_id=114"},"modified":"2020-03-26T21:55:43","modified_gmt":"2020-03-26T21:55:43","slug":"gelsenkirchen-horst-spielhalle","status":"publish","type":"page","link":"https:\/\/spielhalle-iplay.de\/?page_id=114","title":{"rendered":"Gelsenkirchen"},"content":{"rendered":"\n<p class=\"has-text-align-center has-medium-font-size\"> Sie finden uns im Gelsenkirchener Stadtteil Horst  <br>Hier k\u00f6nnen Sie in diskreter sowie angenehmer Atmosph\u00e4re spielend auf ca. 150 qm entspannen. <br><br> Alle Spielpl\u00e4tze verf\u00fcgen \u00fcber USB-Buchsen welche kostenlos zur Aufladung Ihres Smartphone  genutzt werden kann, w\u00e4hrend Sie spielend entspannen. <\/p>\n\n\n\n<p style=\"color:#dd3c3f;font-size:30px\" class=\"has-text-color has-text-align-center\">\u00d6ffnungszeiten<\/p>\n\n\n\n<p class=\"has-text-align-center has-medium-font-size\"><strong>Montag &#8211; Samstag 08:00 &#8211; 01:00&nbsp;Uhr<\/strong><\/p>\n\n\n\n<p class=\"has-text-align-center has-medium-font-size\"><strong>Sonntag&nbsp;09:00&nbsp;&#8211;&nbsp;10:00&nbsp;Uhr<\/strong><\/p>\n\n\n\n<p style=\"color:#dd3c3f;font-size:30px\" class=\"has-text-color has-text-align-center\">Adresse<\/p>\n\n\n\n<p class=\"has-text-align-center has-medium-font-size\"><strong>Essener Str. 56<\/strong><\/p>\n\n\n\n<p class=\"has-text-align-center has-medium-font-size\"><strong>45899 Gelsenkirchen \/ Horst<\/strong><\/p>\n\n\n\n<figure><iframe loading=\"lazy\" src=\"https:\/\/www.google.com\/maps\/embed?pb=!1m18!1m12!1m3!1d2481.7055013880126!2d7.017095251551406!3d51.536961179540114!2m3!1f0!2f0!3f0!3m2!1i1024!2i768!4f13.1!3m3!1m2!1s0x47b8e8be1fe31273%3A0xe0bf3dabf2d2c83e!2sSpielhalle+Iplay!5e0!3m2!1sde!2sde!4v1550240184398\" width=\"600\" height=\"450\" allowfullscreen=\"\"><\/iframe><\/figure>\n","protected":false},"excerpt":{"rendered":"<p>Sie finden uns im Gelsenkirchener Stadtteil Horst Hier k\u00f6nnen Sie in diskreter sowie angenehmer Atmosph\u00e4re spielend auf ca. 150 qm entspannen. Alle Spielpl\u00e4tze verf\u00fcgen \u00fcber USB-Buchsen welche kostenlos zur Aufladung Ihres Smartphone genutzt werden kann, w\u00e4hrend Sie spielend entspannen. \u00d6ffnungszeiten Montag &#8211; Samstag 08:00 &#8211; 01:00&nbsp;Uhr Sonntag&nbsp;09:00&nbsp;&#8211;&nbsp;10:00&nbsp;Uhr Adresse Essener Str. 56 45899 Gelsenkirchen \/ Horst<\/p>\n","protected":false},"author":1,"featured_media":0,"parent":0,"menu_order":0,"comment_status":"closed","ping_status":"closed","template":"","meta":{"jetpack_post_was_ever_published":false,"footnotes":""},"class_list":["post-114","page","type-page","status-publish","hentry"],"yoast_head":"<!-- This site is optimized with the Yoast SEO plugin v26.8 - https:\/\/yoast.com\/product\/yoast-seo-wordpress\/ -->\n<title>Gelsenkirchen - Spielhalle iPlay<\/title>\n<meta name=\"description\" content=\"gelsenkirchen-Horst-Spielhalle\" \/>\n<meta name=\"robots\" content=\"index, follow, max-snippet:-1, max-image-preview:large, max-video-preview:-1\" \/>\n<link rel=\"canonical\" href=\"https:\/\/spielhalle-iplay.de\/?page_id=114\" \/>\n<meta property=\"og:locale\" content=\"de_DE\" \/>\n<meta property=\"og:type\" content=\"article\" \/>\n<meta property=\"og:title\" content=\"Gelsenkirchen - Spielhalle iPlay\" \/>\n<meta property=\"og:description\" content=\"gelsenkirchen-Horst-Spielhalle\" \/>\n<meta property=\"og:url\" content=\"https:\/\/spielhalle-iplay.de\/?page_id=114\" \/>\n<meta property=\"og:site_name\" content=\"Spielhalle iPlay\" \/>\n<meta property=\"article:modified_time\" content=\"2020-03-26T21:55:43+00:00\" \/>\n<meta name=\"twitter:card\" content=\"summary_large_image\" \/>\n<script type=\"application\/ld+json\" class=\"yoast-schema-graph\">{\"@context\":\"https:\/\/schema.org\",\"@graph\":[{\"@type\":\"WebPage\",\"@id\":\"https:\/\/spielhalle-iplay.de\/?page_id=114\",\"url\":\"https:\/\/spielhalle-iplay.de\/?page_id=114\",\"name\":\"Gelsenkirchen - Spielhalle iPlay\",\"isPartOf\":{\"@id\":\"https:\/\/spielhalle-iplay.de\/#website\"},\"datePublished\":\"2019-02-12T14:16:18+00:00\",\"dateModified\":\"2020-03-26T21:55:43+00:00\",\"description\":\"gelsenkirchen-Horst-Spielhalle\",\"breadcrumb\":{\"@id\":\"https:\/\/spielhalle-iplay.de\/?page_id=114#breadcrumb\"},\"inLanguage\":\"de\",\"potentialAction\":[{\"@type\":\"ReadAction\",\"target\":[\"https:\/\/spielhalle-iplay.de\/?page_id=114\"]}]},{\"@type\":\"BreadcrumbList\",\"@id\":\"https:\/\/spielhalle-iplay.de\/?page_id=114#breadcrumb\",\"itemListElement\":[{\"@type\":\"ListItem\",\"position\":1,\"name\":\"Startseite\",\"item\":\"https:\/\/spielhalle-iplay.de\/\"},{\"@type\":\"ListItem\",\"position\":2,\"name\":\"Gelsenkirchen\"}]},{\"@type\":\"WebSite\",\"@id\":\"https:\/\/spielhalle-iplay.de\/#website\",\"url\":\"https:\/\/spielhalle-iplay.de\/\",\"name\":\"Spielhalle iPlay\",\"description\":\"\",\"potentialAction\":[{\"@type\":\"SearchAction\",\"target\":{\"@type\":\"EntryPoint\",\"urlTemplate\":\"https:\/\/spielhalle-iplay.de\/?s={search_term_string}\"},\"query-input\":{\"@type\":\"PropertyValueSpecification\",\"valueRequired\":true,\"valueName\":\"search_term_string\"}}],\"inLanguage\":\"de\"}]}<\/script>\n<!-- \/ Yoast SEO plugin. -->","yoast_head_json":{"title":"Gelsenkirchen - Spielhalle iPlay","description":"gelsenkirchen-Horst-Spielhalle","robots":{"index":"index","follow":"follow","max-snippet":"max-snippet:-1","max-image-preview":"max-image-preview:large","max-video-preview":"max-video-preview:-1"},"canonical":"https:\/\/spielhalle-iplay.de\/?page_id=114","og_locale":"de_DE","og_type":"article","og_title":"Gelsenkirchen - Spielhalle iPlay","og_description":"gelsenkirchen-Horst-Spielhalle","og_url":"https:\/\/spielhalle-iplay.de\/?page_id=114","og_site_name":"Spielhalle iPlay","article_modified_time":"2020-03-26T21:55:43+00:00","twitter_card":"summary_large_image","schema":{"@context":"https:\/\/schema.org","@graph":[{"@type":"WebPage","@id":"https:\/\/spielhalle-iplay.de\/?page_id=114","url":"https:\/\/spielhalle-iplay.de\/?page_id=114","name":"Gelsenkirchen - Spielhalle iPlay","isPartOf":{"@id":"https:\/\/spielhalle-iplay.de\/#website"},"datePublished":"2019-02-12T14:16:18+00:00","dateModified":"2020-03-26T21:55:43+00:00","description":"gelsenkirchen-Horst-Spielhalle","breadcrumb":{"@id":"https:\/\/spielhalle-iplay.de\/?page_id=114#breadcrumb"},"inLanguage":"de","potentialAction":[{"@type":"ReadAction","target":["https:\/\/spielhalle-iplay.de\/?page_id=114"]}]},{"@type":"BreadcrumbList","@id":"https:\/\/spielhalle-iplay.de\/?page_id=114#breadcrumb","itemListElement":[{"@type":"ListItem","position":1,"name":"Startseite","item":"https:\/\/spielhalle-iplay.de\/"},{"@type":"ListItem","position":2,"name":"Gelsenkirchen"}]},{"@type":"WebSite","@id":"https:\/\/spielhalle-iplay.de\/#website","url":"https:\/\/spielhalle-iplay.de\/","name":"Spielhalle iPlay","description":"","potentialAction":[{"@type":"SearchAction","target":{"@type":"EntryPoint","urlTemplate":"https:\/\/spielhalle-iplay.de\/?s={search_term_string}"},"query-input":{"@type":"PropertyValueSpecification","valueRequired":true,"valueName":"search_term_string"}}],"inLanguage":"de"}]}},"jetpack_sharing_enabled":true,"jetpack_shortlink":"https:\/\/wp.me\/PaIoU5-1Q","jetpack-related-posts":[],"_links":{"self":[{"href":"https:\/\/spielhalle-iplay.de\/index.php?rest_route=\/wp\/v2\/pages\/114","targetHints":{"allow":["GET"]}}],"collection":[{"href":"https:\/\/spielhalle-iplay.de\/index.php?rest_route=\/wp\/v2\/pages"}],"about":[{"href":"https:\/\/spielhalle-iplay.de\/index.php?rest_route=\/wp\/v2\/types\/page"}],"author":[{"embeddable":true,"href":"https:\/\/spielhalle-iplay.de\/index.php?rest_route=\/wp\/v2\/users\/1"}],"replies":[{"embeddable":true,"href":"https:\/\/spielhalle-iplay.de\/index.php?rest_route=%2Fwp%2Fv2%2Fcomments&post=114"}],"version-history":[{"count":10,"href":"https:\/\/spielhalle-iplay.de\/index.php?rest_route=\/wp\/v2\/pages\/114\/revisions"}],"predecessor-version":[{"id":627,"href":"https:\/\/spielhalle-iplay.de\/index.php?rest_route=\/wp\/v2\/pages\/114\/revisions\/627"}],"wp:attachment":[{"href":"https:\/\/spielhalle-iplay.de\/index.php?rest_route=%2Fwp%2Fv2%2Fmedia&parent=114"}],"curies":[{"name":"wp","href":"https:\/\/api.w.org\/{rel}","templated":true}]}}