{"id":169,"date":"2019-02-12T22:42:11","date_gmt":"2019-02-12T22:42:11","guid":{"rendered":"http:\/\/spielhalle-iplay.de\/?page_id=169"},"modified":"2020-03-26T22:40:44","modified_gmt":"2020-03-26T22:40:44","slug":"impressum","status":"publish","type":"page","link":"https:\/\/spielhalle-iplay.de\/?page_id=169","title":{"rendered":"Impressum"},"content":{"rendered":"\n<div class=\"wp-block-cover has-background-dim\" style=\"background-image:url(http:\/\/spielhalle-iplay.de\/wp-content\/uploads\/2019\/02\/2100-VE-Retro-3.jpg)\"><div class=\"wp-block-cover__inner-container is-layout-flow wp-block-cover-is-layout-flow\">\n<p class=\"has-text-align-center has-large-font-size\">Spielhalle iPlay<br>Essener Str. 56<br>45899 Gelsenkirchen<br><br>Tel: 0209 \/ 938 979 &#8211; 20<br>Fax: 0209 \/ 938 979 &#8211; 18<br><a href=\"http:\/\/spielhalle-iplay.de\">www.spielhalle-iplay.de \u00bb<\/a><br><a href=\"mailto:info@spielhalle-iplay.de\">info@spielhalle-iplay.de \u00bb<\/a><\/p>\n<\/div><\/div>\n\n\n\n<h3 class=\"wp-block-heading\">Inhaber:<\/h3>\n\n\n\n<p>Serafettin Kesim<\/p>\n\n\n\n<p><br>Umsatzsteuer-Identifikationsnummer   <\/p>\n\n\n\n<p>Umsatzsteuergesetz: <\/p>\n\n\n\n<h3 class=\"wp-block-heading\">Rechtliche Hinweise<\/h3>\n\n\n\n<p>Die Nutzung unseres Internetauftrittes unterliegt folgenden Bestimmungen, mit denen Sie sich durch Zugriff auf diese Webseiten einverstanden erkl\u00e4ren:<\/p>\n\n\n\n<h3 class=\"wp-block-heading\">Urheberrecht<\/h3>\n\n\n\n<p> <br>Bilder, Grafiken, Texte  Animationen sowie Videos unterliegen dem Schutz des Urheberrechts und anderer Schutzgesetze. Eigent\u00fcmer dieser hier dargestellten Inhalte istder Anbieter. Der Inhalt dieser Websites darf nicht zu kommerziellen Zwecken kopiert, verbreitet oder Dritten zug\u00e4nglich gemacht werden.<br>Es ist nicht gestattet Inhalte wie Texte, Produktbeschreibungen, Bilder, Zeichnungen oder Dateien f\u00fcr den eigenen Bedarf zu verwenden. Direkte Links\/Verweise zu unseren Seiten oder Produktseiten im Internet sind ohne unsere Zustimmung  untersagt! <\/p>\n\n\n\n<h3 class=\"wp-block-heading\">Widerspruch Werbe-Mails<\/h3>\n\n\n\n<p>Der Nutzung von im Rahmen der Impressumspflicht ver\u00f6ffentlichten Kontaktdaten zur \u00dcbersendung von nicht ausdr\u00fccklich angeforderter Werbung und Informationsmaterialien wird hiermit widersprochen. Die Betreiber der Seiten behalten sich ausdr\u00fccklich rechtliche Schritte im Falle der unverlangten Zusendung von Werbeinformationen, etwa durch Spam-E-Mails, vor.<\/p>\n\n\n\n<h3 class=\"wp-block-heading\">Haftung f\u00fcr Inhalte<\/h3>\n\n\n\n<p>Die Inhalte unserer Seiten wurden mit gr\u00f6\u00dfter Sorgfalt erstellt. F\u00fcr die Richtigkeit, Vollst\u00e4ndigkeit und Aktualit\u00e4t der Inhalte k\u00f6nnen wir jedoch keine Gew\u00e4hr \u00fcbernehmen. Als Diensteanbieter sind wir gem\u00e4\u00df \u00a7 7 Abs.1 TMG f\u00fcr eigene Inhalte auf diesen Seiten nach den allgemeinen Gesetzen verantwortlich. Nach \u00a7\u00a7 8 bis 10 TMG sind wir als Diensteanbieter jedoch nicht verpflichtet, \u00fcbermittelte oder gespeicherte fremde Informationen zu \u00fcberwachen oder nach Umst\u00e4nden zu forschen, die auf eine rechtswidrige T\u00e4tigkeit hinweisen. Verpflichtungen zur Entfernung oder Sperrung der Nutzung von Informationen nach den allgemeinen Gesetzen bleiben hiervon unber\u00fchrt. Eine diesbez\u00fcgliche Haftung ist jedoch erst ab dem Zeitpunkt der Kenntnis einer konkreten Rechtsverletzung m\u00f6glich. Bei Bekanntwerden von entsprechenden Rechtsverletzungen werden wir diese Inhalte umgehend entfernen.<\/p>\n\n\n\n<h3 class=\"wp-block-heading\">Haftung f\u00fcr Links<\/h3>\n\n\n\n<p> Sollten wir auf diesen Seiten Verkn\u00fcpfungen, sogenannte Hyperlinks, zu anderen Seiten im Internet angelegt haben, so haben wir auf s\u00e4mtliche Links keinerlei Einfluss. Deshalb distanzieren wir uns hiermit ausdr\u00fccklich von allen Inhalten der verkn\u00fcpften Seiten. Diese Erkl\u00e4rung gilt f\u00fcr alle auf dieser Site ausgebrachten Links und f\u00fcr alle Inhalte der Seiten, zu denen ggf. Banner f\u00fchren. <\/p>\n\n\n\n<p> <strong>Einsatz von Google Maps<\/strong><br> Diese Seite nutzt den Kartendienst Google Maps. Anbieter ist die Google Inc., 1600 Amphitheatre Parkway, Mountain View, CA 94043, USA.<br> <br> Zur Nutzung der Funktionen von Google Maps ist es notwendig, Ihre IP Adresse zu speichern. Diese Informationen werden in der Regel an einen Server von Google in den USA \u00fcbertragen und dort gespeichert. Wir haben keinen Einfluss auf diese Daten\u00fcbertragung.<br> <br> Die Verwendung von Google Maps erfolgt im Interesse einer nutzerfreundlichen Darstellung unserer Niederlassung auf unserer Webseite.<br> <br> Weitere Informationen zu Zweck und Umfang der Datenerhebung und ihrer Verarbeitung durch Google Inc. k\u00f6nnen Sie\u00a0<a href=\"https:\/\/policies.google.com\/privacy?hl=de&amp;gl=de\"><strong>hier<\/strong><\/a>\u00a0nachlesen. <\/p>\n\n\n\n<h3 class=\"wp-block-heading\">Hinweise f\u00fcr Abmahner<\/h3>\n\n\n\n<p>Sollten Sie der Ansicht sein, dass Inhalt oder Aufmachung dieser Seiten oder Teilen davon Rechte Dritter oder gesetzliche Bestimmungen verletzen, so bitten wir um eine entsprechende Nachricht ohne Kostennote. Wir garantieren, dass zu Recht beanstandete Passagen unverz\u00fcglich entfernt werden, ohne dass von Ihrer Seite die Einschaltung eines Rechtsbeistandes erforderlich ist. Dennoch von Ihnen ohne vorherige Kontaktaufnahme ausgel\u00f6ste Kosten werden von uns vollumf\u00e4nglich zur\u00fcckgewiesen.\u00a0Weiterhin behalten wir uns vor, Gegenklage wegen Verletzung vorgenannter Bestimmungen zu erheben.<\/p>\n\n\n\n<p><br><\/p>\n","protected":false},"excerpt":{"rendered":"<p>Inhaber: Serafettin Kesim Umsatzsteuer-Identifikationsnummer Umsatzsteuergesetz: Rechtliche Hinweise Die Nutzung unseres Internetauftrittes unterliegt folgenden Bestimmungen, mit denen Sie sich durch Zugriff auf diese Webseiten einverstanden erkl\u00e4ren: Urheberrecht Bilder, Grafiken, Texte Animationen sowie Videos unterliegen dem Schutz des Urheberrechts und anderer Schutzgesetze. Eigent\u00fcmer dieser hier dargestellten Inhalte istder Anbieter. Der Inhalt dieser Websites darf nicht zu kommerziellen &hellip; <a href=\"https:\/\/spielhalle-iplay.de\/?page_id=169\" class=\"more-link\"><span class=\"screen-reader-text\">Impressum<\/span> weiterlesen <span class=\"meta-nav\">&rarr;<\/span><\/a><\/p>\n","protected":false},"author":1,"featured_media":0,"parent":0,"menu_order":0,"comment_status":"closed","ping_status":"closed","template":"","meta":{"jetpack_post_was_ever_published":false,"footnotes":""},"class_list":["post-169","page","type-page","status-publish","hentry"],"yoast_head":"<!-- This site is optimized with the Yoast SEO plugin v26.8 - https:\/\/yoast.com\/product\/yoast-seo-wordpress\/ -->\n<title>Impressum - Spielhalle iPlay<\/title>\n<meta name=\"robots\" content=\"index, follow, max-snippet:-1, max-image-preview:large, max-video-preview:-1\" \/>\n<link rel=\"canonical\" href=\"https:\/\/spielhalle-iplay.de\/?page_id=169\" \/>\n<meta property=\"og:locale\" content=\"de_DE\" \/>\n<meta property=\"og:type\" content=\"article\" \/>\n<meta property=\"og:title\" content=\"Impressum - Spielhalle iPlay\" \/>\n<meta property=\"og:description\" content=\"Inhaber: Serafettin Kesim Umsatzsteuer-Identifikationsnummer Umsatzsteuergesetz: Rechtliche Hinweise Die Nutzung unseres Internetauftrittes unterliegt folgenden Bestimmungen, mit denen Sie sich durch Zugriff auf diese Webseiten einverstanden erkl\u00e4ren: Urheberrecht Bilder, Grafiken, Texte Animationen sowie Videos unterliegen dem Schutz des Urheberrechts und anderer Schutzgesetze. Eigent\u00fcmer dieser hier dargestellten Inhalte istder Anbieter. Der Inhalt dieser Websites darf nicht zu kommerziellen &hellip; Impressum weiterlesen &rarr;\" \/>\n<meta property=\"og:url\" content=\"https:\/\/spielhalle-iplay.de\/?page_id=169\" \/>\n<meta property=\"og:site_name\" content=\"Spielhalle iPlay\" \/>\n<meta property=\"article:modified_time\" content=\"2020-03-26T22:40:44+00:00\" \/>\n<meta name=\"twitter:card\" content=\"summary_large_image\" \/>\n<meta name=\"twitter:label1\" content=\"Gesch\u00e4tzte Lesezeit\" \/>\n\t<meta name=\"twitter:data1\" content=\"3\u00a0Minuten\" \/>\n<script type=\"application\/ld+json\" class=\"yoast-schema-graph\">{\"@context\":\"https:\/\/schema.org\",\"@graph\":[{\"@type\":\"WebPage\",\"@id\":\"https:\/\/spielhalle-iplay.de\/?page_id=169\",\"url\":\"https:\/\/spielhalle-iplay.de\/?page_id=169\",\"name\":\"Impressum - Spielhalle iPlay\",\"isPartOf\":{\"@id\":\"https:\/\/spielhalle-iplay.de\/#website\"},\"datePublished\":\"2019-02-12T22:42:11+00:00\",\"dateModified\":\"2020-03-26T22:40:44+00:00\",\"breadcrumb\":{\"@id\":\"https:\/\/spielhalle-iplay.de\/?page_id=169#breadcrumb\"},\"inLanguage\":\"de\",\"potentialAction\":[{\"@type\":\"ReadAction\",\"target\":[\"https:\/\/spielhalle-iplay.de\/?page_id=169\"]}]},{\"@type\":\"BreadcrumbList\",\"@id\":\"https:\/\/spielhalle-iplay.de\/?page_id=169#breadcrumb\",\"itemListElement\":[{\"@type\":\"ListItem\",\"position\":1,\"name\":\"Startseite\",\"item\":\"https:\/\/spielhalle-iplay.de\/\"},{\"@type\":\"ListItem\",\"position\":2,\"name\":\"Impressum\"}]},{\"@type\":\"WebSite\",\"@id\":\"https:\/\/spielhalle-iplay.de\/#website\",\"url\":\"https:\/\/spielhalle-iplay.de\/\",\"name\":\"Spielhalle iPlay\",\"description\":\"\",\"potentialAction\":[{\"@type\":\"SearchAction\",\"target\":{\"@type\":\"EntryPoint\",\"urlTemplate\":\"https:\/\/spielhalle-iplay.de\/?s={search_term_string}\"},\"query-input\":{\"@type\":\"PropertyValueSpecification\",\"valueRequired\":true,\"valueName\":\"search_term_string\"}}],\"inLanguage\":\"de\"}]}<\/script>\n<!-- \/ Yoast SEO plugin. -->","yoast_head_json":{"title":"Impressum - Spielhalle iPlay","robots":{"index":"index","follow":"follow","max-snippet":"max-snippet:-1","max-image-preview":"max-image-preview:large","max-video-preview":"max-video-preview:-1"},"canonical":"https:\/\/spielhalle-iplay.de\/?page_id=169","og_locale":"de_DE","og_type":"article","og_title":"Impressum - Spielhalle iPlay","og_description":"Inhaber: Serafettin Kesim Umsatzsteuer-Identifikationsnummer Umsatzsteuergesetz: Rechtliche Hinweise Die Nutzung unseres Internetauftrittes unterliegt folgenden Bestimmungen, mit denen Sie sich durch Zugriff auf diese Webseiten einverstanden erkl\u00e4ren: Urheberrecht Bilder, Grafiken, Texte Animationen sowie Videos unterliegen dem Schutz des Urheberrechts und anderer Schutzgesetze. Eigent\u00fcmer dieser hier dargestellten Inhalte istder Anbieter. Der Inhalt dieser Websites darf nicht zu kommerziellen &hellip; Impressum weiterlesen &rarr;","og_url":"https:\/\/spielhalle-iplay.de\/?page_id=169","og_site_name":"Spielhalle iPlay","article_modified_time":"2020-03-26T22:40:44+00:00","twitter_card":"summary_large_image","twitter_misc":{"Gesch\u00e4tzte Lesezeit":"3\u00a0Minuten"},"schema":{"@context":"https:\/\/schema.org","@graph":[{"@type":"WebPage","@id":"https:\/\/spielhalle-iplay.de\/?page_id=169","url":"https:\/\/spielhalle-iplay.de\/?page_id=169","name":"Impressum - Spielhalle iPlay","isPartOf":{"@id":"https:\/\/spielhalle-iplay.de\/#website"},"datePublished":"2019-02-12T22:42:11+00:00","dateModified":"2020-03-26T22:40:44+00:00","breadcrumb":{"@id":"https:\/\/spielhalle-iplay.de\/?page_id=169#breadcrumb"},"inLanguage":"de","potentialAction":[{"@type":"ReadAction","target":["https:\/\/spielhalle-iplay.de\/?page_id=169"]}]},{"@type":"BreadcrumbList","@id":"https:\/\/spielhalle-iplay.de\/?page_id=169#breadcrumb","itemListElement":[{"@type":"ListItem","position":1,"name":"Startseite","item":"https:\/\/spielhalle-iplay.de\/"},{"@type":"ListItem","position":2,"name":"Impressum"}]},{"@type":"WebSite","@id":"https:\/\/spielhalle-iplay.de\/#website","url":"https:\/\/spielhalle-iplay.de\/","name":"Spielhalle iPlay","description":"","potentialAction":[{"@type":"SearchAction","target":{"@type":"EntryPoint","urlTemplate":"https:\/\/spielhalle-iplay.de\/?s={search_term_string}"},"query-input":{"@type":"PropertyValueSpecification","valueRequired":true,"valueName":"search_term_string"}}],"inLanguage":"de"}]}},"jetpack_sharing_enabled":true,"jetpack_shortlink":"https:\/\/wp.me\/PaIoU5-2J","jetpack-related-posts":[],"_links":{"self":[{"href":"https:\/\/spielhalle-iplay.de\/index.php?rest_route=\/wp\/v2\/pages\/169","targetHints":{"allow":["GET"]}}],"collection":[{"href":"https:\/\/spielhalle-iplay.de\/index.php?rest_route=\/wp\/v2\/pages"}],"about":[{"href":"https:\/\/spielhalle-iplay.de\/index.php?rest_route=\/wp\/v2\/types\/page"}],"author":[{"embeddable":true,"href":"https:\/\/spielhalle-iplay.de\/index.php?rest_route=\/wp\/v2\/users\/1"}],"replies":[{"embeddable":true,"href":"https:\/\/spielhalle-iplay.de\/index.php?rest_route=%2Fwp%2Fv2%2Fcomments&post=169"}],"version-history":[{"count":9,"href":"https:\/\/spielhalle-iplay.de\/index.php?rest_route=\/wp\/v2\/pages\/169\/revisions"}],"predecessor-version":[{"id":631,"href":"https:\/\/spielhalle-iplay.de\/index.php?rest_route=\/wp\/v2\/pages\/169\/revisions\/631"}],"wp:attachment":[{"href":"https:\/\/spielhalle-iplay.de\/index.php?rest_route=%2Fwp%2Fv2%2Fmedia&parent=169"}],"curies":[{"name":"wp","href":"https:\/\/api.w.org\/{rel}","templated":true}]}}