{"id":268,"date":"2019-02-13T14:13:00","date_gmt":"2019-02-13T14:13:00","guid":{"rendered":"http:\/\/spielhalle-iplay.de\/?page_id=268"},"modified":"2019-02-13T19:38:57","modified_gmt":"2019-02-13T19:38:57","slug":"datenschutz","status":"publish","type":"page","link":"https:\/\/spielhalle-iplay.de\/?page_id=268","title":{"rendered":"Datenschutz"},"content":{"rendered":"\n<p><strong>Datenschutzerkl\u00e4rung<\/strong><\/p>\n\n\n\n<p><strong><br> 1. DATENSCHUTZ AUF EINEN BLICK<\/strong><\/p>\n\n\n\n<p><strong>Allgemeine\nHinweise<\/strong><\/p>\n\n\n\n<p><br>\nDie folgenden Hinweise geben einen einfachen \u00dcberblick dar\u00fcber, was mit Ihren\npersonenbezogenen Daten passiert, wenn Sie unsere Website besuchen.\nPersonenbezogene Daten sind alle Daten, mit denen Sie pers\u00f6nlich identifiziert\nwerden k\u00f6nnen. Ausf\u00fchrliche Informationen zum Thema Datenschutz entnehmen Sie\nunserer unter diesem Text aufgef\u00fchrten Datenschutzerkl\u00e4rung.<\/p>\n\n\n\n<p><strong>Datenerfassung\nauf unserer Website<\/strong><\/p>\n\n\n\n<p><strong><br>\nWer ist verantwortlich f\u00fcr die Datenerfassung auf dieser Website?<\/strong><\/p>\n\n\n\n<p>Die Datenverarbeitung auf dieser Website\nerfolgt durch den Websitebetreiber. Dessen Kontaktdaten k\u00f6nnen Sie dem\nImpressum dieser Website entnehmen.<\/p>\n\n\n\n<p><strong>Wie erfassen wir Ihre Daten?<\/strong><\/p>\n\n\n\n<p>Ihre Daten werden zum einen dadurch\nerhoben, dass Sie uns diese mitteilen. Hierbei kann es sich z.B. um Daten\nhandeln, die Sie in ein Kontaktformular eingeben.<\/p>\n\n\n\n<p>Andere Daten werden automatisch beim\nBesuch der Website durch unsere IT-Systeme erfasst. Das sind vor allem\ntechnische Daten (z.B. Internetbrowser, Betriebssystem oder Uhrzeit des\nSeitenaufrufs). Die Erfassung dieser Daten erfolgt automatisch, sobald Sie\nunsere Website betreten.<\/p>\n\n\n\n<p><strong>Wof\u00fcr nutzen wir Ihre Daten?<\/strong><\/p>\n\n\n\n<p>Ein Teil der Daten wird erhoben, um eine\nfehlerfreie Bereitstellung der Website zu gew\u00e4hrleisten. Andere Daten k\u00f6nnen\nzur Analyse Ihres Nutzerverhaltens verwendet werden.<\/p>\n\n\n\n<p><strong>Welche Rechte haben Sie bez\u00fcglich Ihrer\nDaten?<\/strong><\/p>\n\n\n\n<p>Sie haben jederzeit das Recht\nunentgeltlich Auskunft \u00fcber Herkunft, Empf\u00e4nger und Zweck Ihrer gespeicherten\npersonenbezogenen Daten zu erhalten. Sie haben au\u00dferdem ein Recht, die\nBerichtigung, Sperrung oder L\u00f6schung dieser Daten zu verlangen. Hierzu sowie zu\nweiteren Fragen zum Thema Datenschutz k\u00f6nnen Sie sich jederzeit unter der im\nImpressum angegebenen Adresse an uns wenden. Des Weiteren steht Ihnen ein\nBeschwerderecht bei der zust\u00e4ndigen Aufsichtsbeh\u00f6rde zu.<\/p>\n\n\n\n<p><strong>Analyse-Tools\nund Tools von Drittanbietern<\/strong><\/p>\n\n\n\n<p><br>\nBeim Besuch unserer Website kann Ihr Surf-Verhalten statistisch ausgewertet\nwerden. Das geschieht vor allem mit Cookies und mit sogenannten\nAnalyseprogrammen. Die Analyse Ihres Surf-Verhaltens erfolgt in der Regel\nanonym; das Surf-Verhalten kann nicht zu Ihnen zur\u00fcckverfolgt werden. Sie\nk\u00f6nnen dieser Analyse widersprechen oder sie durch die Nichtbenutzung\nbestimmter Tools verhindern. Details hierzu entnehmen Sie unserer\nDatenschutzerkl\u00e4rung unter der \u00dcberschrift \u201cDrittmodule und Analysetools\u201d.<\/p>\n\n\n\n<p>Sie k\u00f6nnen dieser Analyse widersprechen.\n\u00dcber die Widerspruchsm\u00f6glichkeiten werden wir Sie in dieser\nDatenschutzerkl\u00e4rung informiert.<\/p>\n\n\n\n<p><strong><br>\n2. ALLGEMEINE HINWEISE UND PFLICHTINFORMATIONEN<\/strong><\/p>\n\n\n\n<p><strong>Datenschutz<\/strong><\/p>\n\n\n\n<p><br>\nDie Betreiber dieser Seiten nehmen den Schutz Ihrer pers\u00f6nlichen Daten sehr\nernst. Wir behandeln Ihre personenbezogenen Daten vertraulich und entsprechend\nder gesetzlichen Datenschutzvorschriften sowie dieser Datenschutzerkl\u00e4rung.<\/p>\n\n\n\n<p>Wenn Sie diese Website benutzen, werden\nverschiedene personenbezogene Daten erhoben. Personenbezogene Daten sind Daten,\nmit denen Sie pers\u00f6nlich identifiziert werden k\u00f6nnen. Die vorliegende\nDatenschutzerkl\u00e4rung erl\u00e4utert, welche Daten wir erheben und wof\u00fcr wir sie\nnutzen. Sie erl\u00e4utert auch, wie und zu welchem Zweck das geschieht.<\/p>\n\n\n\n<p>Wir weisen darauf hin, dass die\nDaten\u00fcbertragung im Internet (z.B. bei der Kommunikation per E-Mail)\nSicherheitsl\u00fccken aufweisen kann. Ein l\u00fcckenloser Schutz der Daten vor dem Zugriff\ndurch Dritte ist nicht m\u00f6glich.<\/p>\n\n\n\n<p><strong>Hinweis\nzur verantwortlichen Stelle<\/strong><\/p>\n\n\n\n<p><br>\nDie verantwortliche Stelle f\u00fcr die Datenverarbeitung auf dieser Website ist:<\/p>\n\n\n\n<p>Spielhalle iPlay \/ Serafettin Kesim <br>\nEssener Str. 56, 45899 Gelsenkirchen<\/p>\n\n\n\n<p>E-Mail:&nbsp;<a href=\"mailto:info@spielhalle-iplay.de.de\">info@spielhalle-iplay.de.de<\/a><\/p>\n\n\n\n<p>Verantwortliche Stelle ist die\nnat\u00fcrliche oder juristische Person, die allein oder gemeinsam mit anderen \u00fcber\ndie Zwecke und Mittel der Verarbeitung von personenbezogenen Daten (z.B. Namen,\nE-Mail-Adressen o. \u00c4.) entscheidet.<\/p>\n\n\n\n<p><strong>Widerruf\nIhrer Einwilligung zur Datenverarbeitung<\/strong><\/p>\n\n\n\n<p><br>\nViele Datenverarbeitungsvorg\u00e4nge sind nur mit Ihrer ausdr\u00fccklichen Einwilligung\nm\u00f6glich. Sie k\u00f6nnen eine bereits erteilte Einwilligung jederzeit widerrufen.\nDazu reicht eine formlose Mitteilung per E-Mail an uns. Die Rechtm\u00e4\u00dfigkeit der\nbis zum Widerruf erfolgten Datenverarbeitung bleibt vom Widerruf unber\u00fchrt.<\/p>\n\n\n\n<p><strong>Beschwerderecht\nbei der zust\u00e4ndigen Aufsichtsbeh\u00f6rde<\/strong><\/p>\n\n\n\n<p><br>\nIm Falle datenschutzrechtlicher Verst\u00f6\u00dfe steht dem Betroffenen ein\nBeschwerderecht bei der zust\u00e4ndigen Aufsichtsbeh\u00f6rde zu. Zust\u00e4ndige\nAufsichtsbeh\u00f6rde in datenschutzrechtlichen Fragen ist der\nLandesdatenschutzbeauftragte des Bundeslandes, in dem unser Unternehmen seinen\nSitz hat. Eine Liste der Datenschutzbeauftragten sowie deren Kontaktdaten\nk\u00f6nnen folgendem Link entnommen werden:&nbsp;<a href=\"https:\/\/www.bfdi.bund.de\/DE\/Infothek\/Anschriften_Links\/anschriften_links-node.html\" target=\"_blank\" rel=\"noreferrer noopener\">https:\/\/www.bfdi.bund.de\/DE\/Infothek\/Anschriften_Links\/anschriften_links-node.html<\/a>.<\/p>\n\n\n\n<p><strong>Recht\nauf Daten\u00fcbertragbarkeit<\/strong><\/p>\n\n\n\n<p><br>\nSie haben das Recht, Daten, die wir auf Grundlage Ihrer Einwilligung oder in\nErf\u00fcllung eines Vertrags automatisiert verarbeiten, an sich oder an einen Dritten\nin einem g\u00e4ngigen, maschinenlesbaren Format aush\u00e4ndigen zu lassen. Sofern Sie\ndie direkte \u00dcbertragung der Daten an einen anderen Verantwortlichen verlangen,\nerfolgt dies nur, soweit es technisch machbar ist.<\/p>\n\n\n\n<p><strong>SSL-\nbzw. TLS-Verschl\u00fcsselung<\/strong><\/p>\n\n\n\n<p><br>\nDiese Seite nutzt aus Sicherheitsgr\u00fcnden und zum Schutz der \u00dcbertragung\nvertraulicher Inhalte, wie zum Beispiel Bestellungen oder Anfragen, die Sie an\nuns als Seitenbetreiber senden, eine SSL-bzw. TLS-Verschl\u00fcsselung. Eine\nverschl\u00fcsselte Verbindung erkennen Sie daran, dass die Adresszeile des Browsers\nvon \u201chttp:\/\/\u201d auf \u201chttps:\/\/\u201d wechselt und an dem Schloss-Symbol in Ihrer\nBrowserzeile.<\/p>\n\n\n\n<p>Wenn die SSL- bzw. TLS-Verschl\u00fcsselung\naktiviert ist, k\u00f6nnen die Daten, die Sie an uns \u00fcbermitteln, nicht von Dritten\nmitgelesen werden.<\/p>\n\n\n\n<p><strong>Auskunft,\nSperrung, L\u00f6schung<\/strong><\/p>\n\n\n\n<p><br>\nSie haben im Rahmen der geltenden gesetzlichen Bestimmungen jederzeit das Recht\nauf unentgeltliche Auskunft \u00fcber Ihre gespeicherten personenbezogenen Daten,\nderen Herkunft und Empf\u00e4nger und den Zweck der Datenverarbeitung und ggf. ein\nRecht auf Berichtigung, Sperrung oder L\u00f6schung dieser Daten. Hierzu sowie zu\nweiteren Fragen zum Thema personenbezogene Daten k\u00f6nnen Sie sich jederzeit\nunter der im Impressum angegebenen Adresse an uns wenden.<\/p>\n\n\n\n<p><strong>3. DATENERFASSUNG AUF UNSERER WEBSITE<\/strong><\/p>\n\n\n\n<p><strong><br>\nCookies<\/strong><\/p>\n\n\n\n<p><br>\nDie Internetseiten verwenden teilweise so genannte Cookies. Cookies richten auf\nIhrem Rechner keinen Schaden an und enthalten keine Viren. Cookies dienen dazu,\nunser Angebot nutzerfreundlicher, effektiver und sicherer zu machen. Cookies\nsind kleine Textdateien, die auf Ihrem Rechner abgelegt werden und die Ihr\nBrowser speichert.<\/p>\n\n\n\n<p>Die meisten der von uns verwendeten\nCookies sind so genannte \u201cSession-Cookies\u201d. Sie werden nach Ende Ihres Besuchs\nautomatisch gel\u00f6scht. Andere Cookies bleiben auf Ihrem Endger\u00e4t gespeichert bis\nSie diese l\u00f6schen. Diese Cookies erm\u00f6glichen es uns, Ihren Browser beim\nn\u00e4chsten Besuch wiederzuerkennen.<\/p>\n\n\n\n<p>Sie k\u00f6nnen Ihren Browser so einstellen,\ndass Sie \u00fcber das Setzen von Cookies informiert werden und Cookies nur im\nEinzelfall erlauben, die Annahme von Cookies f\u00fcr bestimmte F\u00e4lle oder generell\nausschlie\u00dfen sowie das automatische L\u00f6schen der Cookies beim Schlie\u00dfen des\nBrowser aktivieren. Bei der Deaktivierung von Cookies kann die Funktionalit\u00e4t\ndieser Website eingeschr\u00e4nkt sein.<\/p>\n\n\n\n<p>Cookies, die zur Durchf\u00fchrung des\nelektronischen Kommunikationsvorgangs oder zur Bereitstellung bestimmter, von\nIhnen erw\u00fcnschter Funktionen (z.B. Warenkorbfunktion) erforderlich sind, werden\nauf Grundlage von Art. 6 Abs. 1 lit. f DSGVO gespeichert. Der Websitebetreiber\nhat ein berechtigtes Interesse an der Speicherung von Cookies zur technisch\nfehlerfreien und optimierten Bereitstellung seiner Dienste. Soweit andere\nCookies (z.B. Cookies zur Analyse Ihres Surfverhaltens) gespeichert werden,\nwerden diese in dieser Datenschutzerkl\u00e4rung gesondert behandelt.<\/p>\n\n\n\n<p><strong>Server-Log-Dateien<\/strong><\/p>\n\n\n\n<p><br>\nDer Provider der Seiten erhebt und speichert automatisch Informationen in so\ngenannten Server-Log-Dateien, die Ihr Browser automatisch an uns \u00fcbermittelt.\nDies sind:<\/p>\n\n\n\n<ul class=\"wp-block-list\"><li>Browsertyp und Browserversion<\/li><li>verwendetes Betriebssystem<\/li><li>Referrer URL<\/li><li>Hostname des zugreifenden Rechners<\/li><li>Uhrzeit der Serveranfrage<\/li><li>IP-Adresse<\/li><\/ul>\n\n\n\n<p>Eine Zusammenf\u00fchrung dieser Daten mit\nanderen Datenquellen wird nicht vorgenommen.<\/p>\n\n\n\n<p>Grundlage f\u00fcr die Datenverarbeitung ist\nArt. 6 Abs. 1 lit. b DSGVO, der die Verarbeitung von Daten zur Erf\u00fcllung eines\nVertrags oder vorvertraglicher Ma\u00dfnahmen gestattet.<\/p>\n\n\n\n<p><strong>Kontaktformular<\/strong><\/p>\n\n\n\n<p><br>\nWenn Sie uns per Kontaktformular Anfragen zukommen lassen, werden Ihre Angaben\naus dem Anfrageformular inklusive der von Ihnen dort angegebenen Kontaktdaten\nzwecks Bearbeitung der Anfrage und f\u00fcr den Fall von Anschlussfragen bei uns\ngespeichert. Diese Daten geben wir nicht ohne Ihre Einwilligung weiter.<\/p>\n\n\n\n<p>Die Verarbeitung der in das\nKontaktformular eingegebenen Daten erfolgt somit ausschlie\u00dflich auf Grundlage\nIhrer Einwilligung (Art. 6 Abs. 1 lit. a DSGVO). Sie k\u00f6nnen diese Einwilligung\njederzeit widerrufen. Dazu reicht eine formlose Mitteilung per E-Mail an uns.\nDie Rechtm\u00e4\u00dfigkeit der bis zum Widerruf erfolgten Datenverarbeitungsvorg\u00e4nge\nbleibt vom Widerruf unber\u00fchrt.<\/p>\n\n\n\n<p>Die von Ihnen im Kontaktformular eingegebenen\nDaten verbleiben bei uns, bis Sie uns zur L\u00f6schung auffordern, Ihre\nEinwilligung zur Speicherung widerrufen oder der Zweck f\u00fcr die Datenspeicherung\nentf\u00e4llt (z.B. nach abgeschlossener Bearbeitung Ihrer Anfrage). Zwingende\ngesetzliche Bestimmungen \u2013 insbesondere Aufbewahrungsfristen \u2013 bleiben\nunber\u00fchrt.<\/p>\n\n\n\n<p><strong>Bewerbungen\nund Bewerbungsverfahren<\/strong><\/p>\n\n\n\n<p><br>\nDer f\u00fcr die Verarbeitung Verantwortliche erhebt und verarbeitet die\npersonenbezogenen Daten von Bewerbern zum Zwecke der Abwicklung des\nBewerbungsverfahrens. Die Verarbeitung kann auch auf elektronischem Wege\nerfolgen. Dies ist insbesondere dann der Fall, wenn ein Bewerber entsprechende\nBewerbungsunterlagen auf dem elektronischen Wege, beispielsweise per E-Mail\noder \u00fcber ein auf der Internetseite befindliches Webformular, an den f\u00fcr die\nVerarbeitung Verantwortlichen \u00fcbermittelt. Schlie\u00dft der f\u00fcr die Verarbeitung\nVerantwortliche einen Anstellungsvertrag mit einem Bewerber, werden die\n\u00fcbermittelten Daten zum Zwecke der Abwicklung des Besch\u00e4ftigungsverh\u00e4ltnisses\nunter Beachtung der gesetzlichen Vorschriften gespeichert. Wird von dem f\u00fcr die\nVerarbeitung Verantwortlichen kein Anstellungsvertrag mit dem Bewerber\ngeschlossen, so werden die Bewerbungsunterlagen zwei Monate nach Bekanntgabe\nder Absageentscheidung automatisch gel\u00f6scht, sofern einer L\u00f6schung keine\nsonstigen berechtigten Interessen des f\u00fcr die Verarbeitung Verantwortlichen\nentgegenstehen. Sonstiges berechtigtes Interesse in diesem Sinne ist\nbeispielsweise eine Beweispflicht in einem Verfahren nach dem Allgemeinen\nGleichbehandlungsgesetz (AGG).<\/p>\n\n\n\n<p><strong>4. PLUGINS UND TOOLS<\/strong><\/p>\n\n\n\n<p><strong><br>\nGoogle Web Fonts<\/strong><\/p>\n\n\n\n<p><br>\nDiese Seite nutzt zur einheitlichen Darstellung von Schriftarten so genannte\nWeb Fonts, die von Google bereitgestellt werden. Beim Aufruf einer Seite l\u00e4dt\nIhr Browser die ben\u00f6tigten Web Fonts in ihren Browsercache, um Texte und\nSchriftarten korrekt anzuzeigen.<\/p>\n\n\n\n<p>Zu diesem Zweck muss der von Ihnen\nverwendete Browser Verbindung zu den Servern von Google aufnehmen. Hierdurch\nerlangt Google Kenntnis dar\u00fcber, dass \u00fcber Ihre IP-Adresse unsere Website\naufgerufen wurde. Die Nutzung von Google Web Fonts erfolgt im Interesse einer\neinheitlichen und ansprechenden Darstellung unserer Online-Angebote. Dies\nstellt ein berechtigtes Interesse im Sinne von Art. 6 Abs. 1 lit. f DSGVO dar.<\/p>\n\n\n\n<p>Wenn Ihr Browser Web Fonts nicht\nunterst\u00fctzt, wird eine Standardschrift von Ihrem Computer genutzt.<\/p>\n\n\n\n<p>Weitere Informationen zu Google Web\nFonts finden Sie unter&nbsp;<a href=\"https:\/\/developers.google.com\/fonts\/faq\" target=\"_blank\" rel=\"noreferrer noopener\">https:\/\/developers.google.com\/fonts\/faq<\/a>&nbsp;und\nin der Datenschutzerkl\u00e4rung von Google:&nbsp;<a href=\"https:\/\/www.google.com\/policies\/privacy\/\" target=\"_blank\" rel=\"noreferrer noopener\">https:\/\/www.google.com\/policies\/privacy\/<\/a>.<\/p>\n\n\n\n<p><strong>Google\nMaps<\/strong><\/p>\n\n\n\n<p><br>\nDiese Seite nutzt \u00fcber eine API den Kartendienst Google Maps. Anbieter ist die\nGoogle Inc., 1600 Amphitheatre Parkway, Mountain View, CA 94043, USA.<\/p>\n\n\n\n<p>Zur Nutzung der Funktionen von Google\nMaps ist es notwendig, Ihre IP Adresse zu speichern. Diese Informationen werden\nin der Regel an einen Server von Google in den USA \u00fcbertragen und dort\ngespeichert. Der Anbieter dieser Seite hat keinen Einfluss auf diese\nDaten\u00fcbertragung.<\/p>\n\n\n\n<p>Die Nutzung von Google Maps erfolgt im\nInteresse einer ansprechenden Darstellung unserer Online-Angebote und an einer\nleichten Auffindbarkeit der von uns auf der Website angegebenen Orte. Dies\nstellt ein berechtigtes Interesse im Sinne von Art. 6 Abs. 1 lit. f DSGVO dar.<\/p>\n\n\n\n<p>Mehr Informationen zum Umgang mit\nNutzerdaten finden Sie in der Datenschutzerkl\u00e4rung von Google:&nbsp;<a href=\"https:\/\/www.google.de\/intl\/de\/policies\/privacy\/\" target=\"_blank\" rel=\"noreferrer noopener\">https:\/\/www.google.de\/intl\/de\/policies\/privacy\/<\/a>.<\/p>\n\n\n\n<p><strong>4. ANALYSE TOOLS UND WERBUNG<\/strong><\/p>\n\n\n\n<p><strong>Jetpack\n<\/strong><\/p>\n\n\n\n<p>Diese Website benutzt den Open Source\nWebanalysedienst Jetpack verwendet so genannte &#8222;Cookies&#8220;. Das sind\nTextdateien, die auf Ihrem Computer gespeichert werden und die eine Analyse der\nBenutzung der Website durch Sie erm\u00f6glichen. Dazu werden die durch den Cookie\nerzeugten Informationen \u00fcber die Benutzung dieser Website auf unserem Server\ngespeichert. Die IP-Adresse wird vor der Speicherung anonymisiert.<\/p>\n\n\n\n<p>Jetpack-Cookies verbleiben auf Ihrem\nEndger\u00e4t, bis Sie sie l\u00f6schen.<\/p>\n\n\n\n<p>Die Speicherung von Jetpack-Cookies\nerfolgt auf Grundlage von Art. 6 Abs. 1 lit. f DSGVO. Der Websitebetreiber hat\nein berechtigtes Interesse an der anonymisierten Analyse des Nutzerverhaltens,\num sowohl sein Webangebot als auch seine Werbung zu optimieren.<\/p>\n\n\n\n<p>Die durch den Cookie erzeugten\nInformationen \u00fcber die Benutzung dieser Website werden nicht an Dritte\nweitergegeben. Sie k\u00f6nnen die Speicherung der Cookies durch eine entsprechende\nEinstellung Ihrer Browser-Software verhindern; wir weisen Sie jedoch darauf\nhin, dass Sie in diesem Fall gegebenenfalls nicht s\u00e4mtliche Funktionen dieser\nWebsite vollumf\u00e4nglich werden nutzen k\u00f6nnen.<\/p>\n\n\n\n<p>Wenn Sie mit der Speicherung und Nutzung\nIhrer Daten nicht einverstanden sind, k\u00f6nnen Sie die Speicherung und Nutzung\nhier deaktivieren. In diesem Fall wird in Ihrem Browser ein Opt-Out-Cookie\nhinterlegt, der verhindert, dass Jetpack Nutzungsdaten speichert. Wenn Sie Ihre\nCookies l\u00f6schen, hat dies zur Folge, dass auch das Jetpack Opt-Out-Cookie\ngel\u00f6scht wird. Das Opt-Out muss bei einem erneuten Besuch unserer Seite wieder\naktiviert werden.<\/p>\n","protected":false},"excerpt":{"rendered":"<p>Datenschutzerkl\u00e4rung 1. DATENSCHUTZ AUF EINEN BLICK Allgemeine Hinweise Die folgenden Hinweise geben einen einfachen \u00dcberblick dar\u00fcber, was mit Ihren personenbezogenen Daten passiert, wenn Sie unsere Website besuchen. Personenbezogene Daten sind alle Daten, mit denen Sie pers\u00f6nlich identifiziert werden k\u00f6nnen. Ausf\u00fchrliche Informationen zum Thema Datenschutz entnehmen Sie unserer unter diesem Text aufgef\u00fchrten Datenschutzerkl\u00e4rung. Datenerfassung auf unserer &hellip; <a href=\"https:\/\/spielhalle-iplay.de\/?page_id=268\" class=\"more-link\"><span class=\"screen-reader-text\">Datenschutz<\/span> weiterlesen <span class=\"meta-nav\">&rarr;<\/span><\/a><\/p>\n","protected":false},"author":1,"featured_media":0,"parent":0,"menu_order":0,"comment_status":"closed","ping_status":"closed","template":"page-templates\/full-width.php","meta":{"jetpack_post_was_ever_published":false,"footnotes":""},"class_list":["post-268","page","type-page","status-publish","hentry"],"yoast_head":"<!-- This site is optimized with the Yoast SEO plugin v26.8 - https:\/\/yoast.com\/product\/yoast-seo-wordpress\/ -->\n<title>Datenschutz - Spielhalle iPlay<\/title>\n<meta name=\"robots\" content=\"index, follow, max-snippet:-1, max-image-preview:large, max-video-preview:-1\" \/>\n<link rel=\"canonical\" href=\"https:\/\/spielhalle-iplay.de\/?page_id=268\" \/>\n<meta property=\"og:locale\" content=\"de_DE\" \/>\n<meta property=\"og:type\" content=\"article\" \/>\n<meta property=\"og:title\" content=\"Datenschutz - Spielhalle iPlay\" \/>\n<meta property=\"og:description\" content=\"Datenschutzerkl\u00e4rung 1. DATENSCHUTZ AUF EINEN BLICK Allgemeine Hinweise Die folgenden Hinweise geben einen einfachen \u00dcberblick dar\u00fcber, was mit Ihren personenbezogenen Daten passiert, wenn Sie unsere Website besuchen. Personenbezogene Daten sind alle Daten, mit denen Sie pers\u00f6nlich identifiziert werden k\u00f6nnen. Ausf\u00fchrliche Informationen zum Thema Datenschutz entnehmen Sie unserer unter diesem Text aufgef\u00fchrten Datenschutzerkl\u00e4rung. Datenerfassung auf unserer &hellip; Datenschutz weiterlesen &rarr;\" \/>\n<meta property=\"og:url\" content=\"https:\/\/spielhalle-iplay.de\/?page_id=268\" \/>\n<meta property=\"og:site_name\" content=\"Spielhalle iPlay\" \/>\n<meta property=\"article:modified_time\" content=\"2019-02-13T19:38:57+00:00\" \/>\n<meta name=\"twitter:card\" content=\"summary_large_image\" \/>\n<meta name=\"twitter:label1\" content=\"Gesch\u00e4tzte Lesezeit\" \/>\n\t<meta name=\"twitter:data1\" content=\"10\u00a0Minuten\" \/>\n<script type=\"application\/ld+json\" class=\"yoast-schema-graph\">{\"@context\":\"https:\/\/schema.org\",\"@graph\":[{\"@type\":\"WebPage\",\"@id\":\"https:\/\/spielhalle-iplay.de\/?page_id=268\",\"url\":\"https:\/\/spielhalle-iplay.de\/?page_id=268\",\"name\":\"Datenschutz - Spielhalle iPlay\",\"isPartOf\":{\"@id\":\"https:\/\/spielhalle-iplay.de\/#website\"},\"datePublished\":\"2019-02-13T14:13:00+00:00\",\"dateModified\":\"2019-02-13T19:38:57+00:00\",\"breadcrumb\":{\"@id\":\"https:\/\/spielhalle-iplay.de\/?page_id=268#breadcrumb\"},\"inLanguage\":\"de\",\"potentialAction\":[{\"@type\":\"ReadAction\",\"target\":[\"https:\/\/spielhalle-iplay.de\/?page_id=268\"]}]},{\"@type\":\"BreadcrumbList\",\"@id\":\"https:\/\/spielhalle-iplay.de\/?page_id=268#breadcrumb\",\"itemListElement\":[{\"@type\":\"ListItem\",\"position\":1,\"name\":\"Startseite\",\"item\":\"https:\/\/spielhalle-iplay.de\/\"},{\"@type\":\"ListItem\",\"position\":2,\"name\":\"Datenschutz\"}]},{\"@type\":\"WebSite\",\"@id\":\"https:\/\/spielhalle-iplay.de\/#website\",\"url\":\"https:\/\/spielhalle-iplay.de\/\",\"name\":\"Spielhalle iPlay\",\"description\":\"\",\"potentialAction\":[{\"@type\":\"SearchAction\",\"target\":{\"@type\":\"EntryPoint\",\"urlTemplate\":\"https:\/\/spielhalle-iplay.de\/?s={search_term_string}\"},\"query-input\":{\"@type\":\"PropertyValueSpecification\",\"valueRequired\":true,\"valueName\":\"search_term_string\"}}],\"inLanguage\":\"de\"}]}<\/script>\n<!-- \/ Yoast SEO plugin. -->","yoast_head_json":{"title":"Datenschutz - Spielhalle iPlay","robots":{"index":"index","follow":"follow","max-snippet":"max-snippet:-1","max-image-preview":"max-image-preview:large","max-video-preview":"max-video-preview:-1"},"canonical":"https:\/\/spielhalle-iplay.de\/?page_id=268","og_locale":"de_DE","og_type":"article","og_title":"Datenschutz - Spielhalle iPlay","og_description":"Datenschutzerkl\u00e4rung 1. DATENSCHUTZ AUF EINEN BLICK Allgemeine Hinweise Die folgenden Hinweise geben einen einfachen \u00dcberblick dar\u00fcber, was mit Ihren personenbezogenen Daten passiert, wenn Sie unsere Website besuchen. Personenbezogene Daten sind alle Daten, mit denen Sie pers\u00f6nlich identifiziert werden k\u00f6nnen. Ausf\u00fchrliche Informationen zum Thema Datenschutz entnehmen Sie unserer unter diesem Text aufgef\u00fchrten Datenschutzerkl\u00e4rung. Datenerfassung auf unserer &hellip; Datenschutz weiterlesen &rarr;","og_url":"https:\/\/spielhalle-iplay.de\/?page_id=268","og_site_name":"Spielhalle iPlay","article_modified_time":"2019-02-13T19:38:57+00:00","twitter_card":"summary_large_image","twitter_misc":{"Gesch\u00e4tzte Lesezeit":"10\u00a0Minuten"},"schema":{"@context":"https:\/\/schema.org","@graph":[{"@type":"WebPage","@id":"https:\/\/spielhalle-iplay.de\/?page_id=268","url":"https:\/\/spielhalle-iplay.de\/?page_id=268","name":"Datenschutz - Spielhalle iPlay","isPartOf":{"@id":"https:\/\/spielhalle-iplay.de\/#website"},"datePublished":"2019-02-13T14:13:00+00:00","dateModified":"2019-02-13T19:38:57+00:00","breadcrumb":{"@id":"https:\/\/spielhalle-iplay.de\/?page_id=268#breadcrumb"},"inLanguage":"de","potentialAction":[{"@type":"ReadAction","target":["https:\/\/spielhalle-iplay.de\/?page_id=268"]}]},{"@type":"BreadcrumbList","@id":"https:\/\/spielhalle-iplay.de\/?page_id=268#breadcrumb","itemListElement":[{"@type":"ListItem","position":1,"name":"Startseite","item":"https:\/\/spielhalle-iplay.de\/"},{"@type":"ListItem","position":2,"name":"Datenschutz"}]},{"@type":"WebSite","@id":"https:\/\/spielhalle-iplay.de\/#website","url":"https:\/\/spielhalle-iplay.de\/","name":"Spielhalle iPlay","description":"","potentialAction":[{"@type":"SearchAction","target":{"@type":"EntryPoint","urlTemplate":"https:\/\/spielhalle-iplay.de\/?s={search_term_string}"},"query-input":{"@type":"PropertyValueSpecification","valueRequired":true,"valueName":"search_term_string"}}],"inLanguage":"de"}]}},"jetpack_sharing_enabled":true,"jetpack_shortlink":"https:\/\/wp.me\/PaIoU5-4k","jetpack-related-posts":[],"_links":{"self":[{"href":"https:\/\/spielhalle-iplay.de\/index.php?rest_route=\/wp\/v2\/pages\/268","targetHints":{"allow":["GET"]}}],"collection":[{"href":"https:\/\/spielhalle-iplay.de\/index.php?rest_route=\/wp\/v2\/pages"}],"about":[{"href":"https:\/\/spielhalle-iplay.de\/index.php?rest_route=\/wp\/v2\/types\/page"}],"author":[{"embeddable":true,"href":"https:\/\/spielhalle-iplay.de\/index.php?rest_route=\/wp\/v2\/users\/1"}],"replies":[{"embeddable":true,"href":"https:\/\/spielhalle-iplay.de\/index.php?rest_route=%2Fwp%2Fv2%2Fcomments&post=268"}],"version-history":[{"count":2,"href":"https:\/\/spielhalle-iplay.de\/index.php?rest_route=\/wp\/v2\/pages\/268\/revisions"}],"predecessor-version":[{"id":333,"href":"https:\/\/spielhalle-iplay.de\/index.php?rest_route=\/wp\/v2\/pages\/268\/revisions\/333"}],"wp:attachment":[{"href":"https:\/\/spielhalle-iplay.de\/index.php?rest_route=%2Fwp%2Fv2%2Fmedia&parent=268"}],"curies":[{"name":"wp","href":"https:\/\/api.w.org\/{rel}","templated":true}]}}