{"id":394,"date":"2019-02-13T20:43:25","date_gmt":"2019-02-13T20:43:25","guid":{"rendered":"http:\/\/spielhalle-iplay.de\/?page_id=394"},"modified":"2022-04-07T11:15:57","modified_gmt":"2022-04-07T11:15:57","slug":"ueber-uns","status":"publish","type":"page","link":"https:\/\/spielhalle-iplay.de\/","title":{"rendered":"Spielhalle iplay"},"content":{"rendered":"\r\n\r\n\r\n<p><strong>Entdecke das abwechslungsreiche Programm unserer Spielhallen und erlebe erstklassige Unterhaltung\u00a0in\u00a0einem\u00a0exclusiven\u00a0Ambiente<\/strong><\/p>\r\n\r\n\r\n\r\n<p class=\"has-text-align-center\">In angenehmer Atmosph\u00e4re kannst du dich hier f\u00fcr eine Weile von deinem allt\u00e4glichen Stress erholen.<\/p>\r\n\r\n\r\n\r\n<p class=\"has-text-align-center\">Unser freundliches sowie zuvorkommendes iPlay-Team bietet dir nicht nur eine angenehme und diskrete Spielatmosph\u00e4re, sondern serviert dir jederzeit eine kalte Erfrischung oder warme Kaffee \/ Tee Spezialit\u00e4t<\/p>\r\n\r\n\r\n\r\n<p class=\"has-text-align-center\">Bei uns wird dein Wunsch erf\u00fcllt, so dass allein der Besuch schon ein Gewinn f\u00fcr dich ist.<\/p>\r\n\r\n\r\n\r\n<p class=\"has-text-align-center\">\u00dcberzeuge dich selbst und g\u00f6nne dir einen kleinen Flirt zu deinem Flair Gl\u00fcck bei uns in der<\/p>\r\n\r\n\r\n\r\n<p class=\"has-text-align-center\">Spielhalle iPlay ganz in deiner N\u00e4he<\/p>\r\n\r\n\r\n\r\n<p class=\"has-text-align-center has-medium-font-size\">Wir freuen uns auf deinen Besuch<\/p>\r\n","protected":false},"excerpt":{"rendered":"<p>Entdecke das abwechslungsreiche Programm unserer Spielhallen und erlebe erstklassige Unterhaltung\u00a0in\u00a0einem\u00a0exclusiven\u00a0Ambiente In angenehmer Atmosph\u00e4re kannst du dich hier f\u00fcr eine Weile von deinem allt\u00e4glichen Stress erholen. Unser freundliches sowie zuvorkommendes iPlay-Team bietet dir nicht nur eine angenehme und diskrete Spielatmosph\u00e4re, sondern serviert dir jederzeit eine kalte Erfrischung oder warme Kaffee \/ Tee Spezialit\u00e4t Bei uns wird &hellip; <a href=\"https:\/\/spielhalle-iplay.de\/\" class=\"more-link\"><span class=\"screen-reader-text\">Spielhalle iplay<\/span> weiterlesen <span class=\"meta-nav\">&rarr;<\/span><\/a><\/p>\n","protected":false},"author":1,"featured_media":0,"parent":0,"menu_order":0,"comment_status":"closed","ping_status":"closed","template":"","meta":{"jetpack_post_was_ever_published":false,"footnotes":""},"class_list":["post-394","page","type-page","status-publish","hentry"],"yoast_head":"<!-- This site is optimized with the Yoast SEO plugin v26.8 - https:\/\/yoast.com\/product\/yoast-seo-wordpress\/ -->\n<title>Spielhalle iplay - Spielhalle iPlay<\/title>\n<meta name=\"robots\" content=\"index, follow, max-snippet:-1, max-image-preview:large, max-video-preview:-1\" \/>\n<link rel=\"canonical\" href=\"https:\/\/spielhalle-iplay.de\/\" \/>\n<meta property=\"og:locale\" content=\"de_DE\" \/>\n<meta property=\"og:type\" content=\"article\" \/>\n<meta property=\"og:title\" content=\"Spielhalle iplay - Spielhalle iPlay\" \/>\n<meta property=\"og:description\" content=\"Entdecke das abwechslungsreiche Programm unserer Spielhallen und erlebe erstklassige Unterhaltung\u00a0in\u00a0einem\u00a0exclusiven\u00a0Ambiente In angenehmer Atmosph\u00e4re kannst du dich hier f\u00fcr eine Weile von deinem allt\u00e4glichen Stress erholen. Unser freundliches sowie zuvorkommendes iPlay-Team bietet dir nicht nur eine angenehme und diskrete Spielatmosph\u00e4re, sondern serviert dir jederzeit eine kalte Erfrischung oder warme Kaffee \/ Tee Spezialit\u00e4t Bei uns wird &hellip; Spielhalle iplay weiterlesen &rarr;\" \/>\n<meta property=\"og:url\" content=\"https:\/\/spielhalle-iplay.de\/\" \/>\n<meta property=\"og:site_name\" content=\"Spielhalle iPlay\" \/>\n<meta property=\"article:modified_time\" content=\"2022-04-07T11:15:57+00:00\" \/>\n<meta name=\"twitter:card\" content=\"summary_large_image\" \/>\n<meta name=\"twitter:label1\" content=\"Gesch\u00e4tzte Lesezeit\" \/>\n\t<meta name=\"twitter:data1\" content=\"1\u00a0Minute\" \/>\n<script type=\"application\/ld+json\" class=\"yoast-schema-graph\">{\"@context\":\"https:\/\/schema.org\",\"@graph\":[{\"@type\":\"WebPage\",\"@id\":\"https:\/\/spielhalle-iplay.de\/\",\"url\":\"https:\/\/spielhalle-iplay.de\/\",\"name\":\"Spielhalle iplay - Spielhalle iPlay\",\"isPartOf\":{\"@id\":\"https:\/\/spielhalle-iplay.de\/#website\"},\"datePublished\":\"2019-02-13T20:43:25+00:00\",\"dateModified\":\"2022-04-07T11:15:57+00:00\",\"breadcrumb\":{\"@id\":\"https:\/\/spielhalle-iplay.de\/#breadcrumb\"},\"inLanguage\":\"de\",\"potentialAction\":[{\"@type\":\"ReadAction\",\"target\":[\"https:\/\/spielhalle-iplay.de\/\"]}]},{\"@type\":\"BreadcrumbList\",\"@id\":\"https:\/\/spielhalle-iplay.de\/#breadcrumb\",\"itemListElement\":[{\"@type\":\"ListItem\",\"position\":1,\"name\":\"Startseite\",\"item\":\"https:\/\/spielhalle-iplay.de\/\"},{\"@type\":\"ListItem\",\"position\":2,\"name\":\"Spielhalle iplay\"}]},{\"@type\":\"WebSite\",\"@id\":\"https:\/\/spielhalle-iplay.de\/#website\",\"url\":\"https:\/\/spielhalle-iplay.de\/\",\"name\":\"Spielhalle iPlay\",\"description\":\"\",\"potentialAction\":[{\"@type\":\"SearchAction\",\"target\":{\"@type\":\"EntryPoint\",\"urlTemplate\":\"https:\/\/spielhalle-iplay.de\/?s={search_term_string}\"},\"query-input\":{\"@type\":\"PropertyValueSpecification\",\"valueRequired\":true,\"valueName\":\"search_term_string\"}}],\"inLanguage\":\"de\"}]}<\/script>\n<!-- \/ Yoast SEO plugin. -->","yoast_head_json":{"title":"Spielhalle iplay - Spielhalle iPlay","robots":{"index":"index","follow":"follow","max-snippet":"max-snippet:-1","max-image-preview":"max-image-preview:large","max-video-preview":"max-video-preview:-1"},"canonical":"https:\/\/spielhalle-iplay.de\/","og_locale":"de_DE","og_type":"article","og_title":"Spielhalle iplay - Spielhalle iPlay","og_description":"Entdecke das abwechslungsreiche Programm unserer Spielhallen und erlebe erstklassige Unterhaltung\u00a0in\u00a0einem\u00a0exclusiven\u00a0Ambiente In angenehmer Atmosph\u00e4re kannst du dich hier f\u00fcr eine Weile von deinem allt\u00e4glichen Stress erholen. Unser freundliches sowie zuvorkommendes iPlay-Team bietet dir nicht nur eine angenehme und diskrete Spielatmosph\u00e4re, sondern serviert dir jederzeit eine kalte Erfrischung oder warme Kaffee \/ Tee Spezialit\u00e4t Bei uns wird &hellip; Spielhalle iplay weiterlesen &rarr;","og_url":"https:\/\/spielhalle-iplay.de\/","og_site_name":"Spielhalle iPlay","article_modified_time":"2022-04-07T11:15:57+00:00","twitter_card":"summary_large_image","twitter_misc":{"Gesch\u00e4tzte Lesezeit":"1\u00a0Minute"},"schema":{"@context":"https:\/\/schema.org","@graph":[{"@type":"WebPage","@id":"https:\/\/spielhalle-iplay.de\/","url":"https:\/\/spielhalle-iplay.de\/","name":"Spielhalle iplay - Spielhalle iPlay","isPartOf":{"@id":"https:\/\/spielhalle-iplay.de\/#website"},"datePublished":"2019-02-13T20:43:25+00:00","dateModified":"2022-04-07T11:15:57+00:00","breadcrumb":{"@id":"https:\/\/spielhalle-iplay.de\/#breadcrumb"},"inLanguage":"de","potentialAction":[{"@type":"ReadAction","target":["https:\/\/spielhalle-iplay.de\/"]}]},{"@type":"BreadcrumbList","@id":"https:\/\/spielhalle-iplay.de\/#breadcrumb","itemListElement":[{"@type":"ListItem","position":1,"name":"Startseite","item":"https:\/\/spielhalle-iplay.de\/"},{"@type":"ListItem","position":2,"name":"Spielhalle iplay"}]},{"@type":"WebSite","@id":"https:\/\/spielhalle-iplay.de\/#website","url":"https:\/\/spielhalle-iplay.de\/","name":"Spielhalle iPlay","description":"","potentialAction":[{"@type":"SearchAction","target":{"@type":"EntryPoint","urlTemplate":"https:\/\/spielhalle-iplay.de\/?s={search_term_string}"},"query-input":{"@type":"PropertyValueSpecification","valueRequired":true,"valueName":"search_term_string"}}],"inLanguage":"de"}]}},"jetpack_sharing_enabled":true,"jetpack_shortlink":"https:\/\/wp.me\/PaIoU5-6m","jetpack-related-posts":[],"_links":{"self":[{"href":"https:\/\/spielhalle-iplay.de\/index.php?rest_route=\/wp\/v2\/pages\/394","targetHints":{"allow":["GET"]}}],"collection":[{"href":"https:\/\/spielhalle-iplay.de\/index.php?rest_route=\/wp\/v2\/pages"}],"about":[{"href":"https:\/\/spielhalle-iplay.de\/index.php?rest_route=\/wp\/v2\/types\/page"}],"author":[{"embeddable":true,"href":"https:\/\/spielhalle-iplay.de\/index.php?rest_route=\/wp\/v2\/users\/1"}],"replies":[{"embeddable":true,"href":"https:\/\/spielhalle-iplay.de\/index.php?rest_route=%2Fwp%2Fv2%2Fcomments&post=394"}],"version-history":[{"count":36,"href":"https:\/\/spielhalle-iplay.de\/index.php?rest_route=\/wp\/v2\/pages\/394\/revisions"}],"predecessor-version":[{"id":801,"href":"https:\/\/spielhalle-iplay.de\/index.php?rest_route=\/wp\/v2\/pages\/394\/revisions\/801"}],"wp:attachment":[{"href":"https:\/\/spielhalle-iplay.de\/index.php?rest_route=%2Fwp%2Fv2%2Fmedia&parent=394"}],"curies":[{"name":"wp","href":"https:\/\/api.w.org\/{rel}","templated":true}]}}